{"id":783,"date":"2023-05-07T15:24:11","date_gmt":"2023-05-07T13:24:11","guid":{"rendered":"https:\/\/thenomadhostel.com\/booking-group"},"modified":"2024-07-03T07:17:47","modified_gmt":"2024-07-03T05:17:47","slug":"reserva-de-grupo","status":"publish","type":"page","link":"https:\/\/thenomadhostel.com\/es\/reserva-de-grupo","title":{"rendered":"Reserva de Grupo"},"content":{"rendered":"[vc_row type=\u00bbfull_width_content\u00bb full_screen_row_position=\u00bbmiddle\u00bb column_margin=\u00bbdefault\u00bb column_direction=\u00bbdefault\u00bb column_direction_tablet=\u00bbdefault\u00bb column_direction_phone=\u00bbdefault\u00bb scene_position=\u00bbcenter\u00bb top_padding=\u00bb120&#8243; constrain_group_1=\u00bbyes\u00bb bottom_padding=\u00bb120&#8243; top_padding_tablet=\u00bb90&#8243; constrain_group_3=\u00bbyes\u00bb bottom_padding_tablet=\u00bb90&#8243; top_padding_phone=\u00bb70&#8243; constrain_group_5=\u00bbyes\u00bb bottom_padding_phone=\u00bb70&#8243; text_color=\u00bbdark\u00bb text_align=\u00bbcenter\u00bb row_border_radius=\u00bbnone\u00bb row_border_radius_applies=\u00bbbg\u00bb overflow=\u00bbvisible\u00bb overlay_strength=\u00bb0.3&#8243; gradient_direction=\u00bbleft_to_right\u00bb enable_shape_divider=\u00bbtrue\u00bb shape_divider_color=\u00bb#1aa7b6&#8243; shape_divider_position=\u00bbbottom\u00bb shape_divider_height=\u00bb90&#8243; bg_image_animation=\u00bbnone\u00bb gradient_type=\u00bbdefault\u00bb shape_type=\u00bbtriangle\u00bb][vc_column top_padding_desktop=\u00bb30&#8243; bottom_padding_desktop=\u00bb75&#8243; left_padding_desktop=\u00bb130&#8243; right_padding_desktop=\u00bb45&#8243; top_padding_tablet=\u00bb60&#8243; bottom_padding_tablet=\u00bb60&#8243; left_padding_tablet=\u00bb60&#8243; constrain_group_103=\u00bbyes\u00bb right_padding_tablet=\u00bb60&#8243; top_padding_phone=\u00bb60&#8243; bottom_padding_phone=\u00bb60&#8243; left_padding_phone=\u00bb25&#8243; constrain_group_105=\u00bbyes\u00bb right_padding_phone=\u00bb25&#8243; column_element_direction_desktop=\u00bbdefault\u00bb column_element_spacing=\u00bbdefault\u00bb desktop_text_alignment=\u00bbdefault\u00bb tablet_text_alignment=\u00bbdefault\u00bb phone_text_alignment=\u00bbdefault\u00bb background_color_opacity=\u00bb1&#8243; background_hover_color_opacity=\u00bb1&#8243; column_backdrop_filter=\u00bbnone\u00bb column_shadow=\u00bbnone\u00bb column_border_radius=\u00bbnone\u00bb column_link_target=\u00bb_self\u00bb column_position=\u00bbdefault\u00bb el_class=\u00bbblue-border\u00bb gradient_direction=\u00bbleft_to_right\u00bb overlay_strength=\u00bb0.3&#8243; width=\u00bb1\/1&#8243; tablet_width_inherit=\u00bbdefault\u00bb animation_type=\u00bbdefault\u00bb bg_image_animation=\u00bbnone\u00bb border_type=\u00bbsimple\u00bb column_border_width=\u00bbnone\u00bb column_border_style=\u00bbsolid\u00bb column_padding_type=\u00bbadvanced\u00bb gradient_type=\u00bbdefault\u00bb][vc_column_text css_animation=\u00bbfadeInUp\u00bb max_width=\u00bb800&#8243;]Si desea reservar para un grupo de m\u00e1s de 10 personas, rellene el siguiente formulario y podr\u00e1 obtener descuentos especiales y condiciones de pago adaptadas a grupos.[\/vc_column_text][\/vc_column][\/vc_row][vc_row type=\u00bbfull_width_background\u00bb full_screen_row_position=\u00bbmiddle\u00bb column_margin=\u00bbdefault\u00bb column_direction=\u00bbdefault\u00bb column_direction_tablet=\u00bbdefault\u00bb column_direction_phone=\u00bbdefault\u00bb bg_color=\u00bb#1aa7b6&#8243; scene_position=\u00bbcenter\u00bb top_padding=\u00bb120&#8243; constrain_group_1=\u00bbyes\u00bb bottom_padding=\u00bb120&#8243; constrain_group_2=\u00bbyes\u00bb top_padding_tablet=\u00bb90&#8243; constrain_group_3=\u00bbyes\u00bb bottom_padding_tablet=\u00bb90&#8243; top_padding_phone=\u00bb70&#8243; constrain_group_5=\u00bbyes\u00bb bottom_padding_phone=\u00bb70&#8243; text_color=\u00bbdark\u00bb text_align=\u00bbcenter\u00bb row_border_radius=\u00bbnone\u00bb row_border_radius_applies=\u00bbbg\u00bb overflow=\u00bbvisible\u00bb class=\u00bbcontact-group\u00bb overlay_strength=\u00bb0.3&#8243; gradient_direction=\u00bbleft_to_right\u00bb shape_divider_position=\u00bbbottom\u00bb bg_image_animation=\u00bbnone\u00bb gradient_type=\u00bbdefault\u00bb shape_type=\u00bb\u00bb][vc_column bottom_padding_desktop=\u00bb45&#8243; bottom_padding_tablet=\u00bb0&#8243; constrain_group_103=\u00bbyes\u00bb bottom_padding_phone=\u00bb0&#8243; constrain_group_105=\u00bbyes\u00bb column_element_direction_desktop=\u00bbdefault\u00bb column_element_spacing=\u00bbdefault\u00bb desktop_text_alignment=\u00bbcenter\u00bb tablet_text_alignment=\u00bbdefault\u00bb phone_text_alignment=\u00bbdefault\u00bb background_color_opacity=\u00bb1&#8243; background_hover_color_opacity=\u00bb1&#8243; column_backdrop_filter=\u00bbnone\u00bb font_color=\u00bb#ffffff\u00bb column_shadow=\u00bbnone\u00bb column_border_radius=\u00bbnone\u00bb column_link_target=\u00bb_self\u00bb column_position=\u00bbdefault\u00bb gradient_direction=\u00bbleft_to_right\u00bb overlay_strength=\u00bb0.3&#8243; width=\u00bb1\/1&#8243; tablet_width_inherit=\u00bbdefault\u00bb animation_type=\u00bbdefault\u00bb bg_image_animation=\u00bbnone\u00bb border_type=\u00bbsimple\u00bb column_border_width=\u00bbnone\u00bb column_border_style=\u00bbsolid\u00bb column_padding_type=\u00bbadvanced\u00bb gradient_type=\u00bbdefault\u00bb][vc_column_text css_animation=\u00bbfadeInUp\u00bb]\n<h2>Ponte en contacto<\/h2>\n[\/vc_column_text][\/vc_column][vc_column column_padding=\u00bbno-extra-padding\u00bb column_padding_tablet=\u00bbinherit\u00bb column_padding_phone=\u00bbinherit\u00bb column_padding_position=\u00bball\u00bb column_element_direction_desktop=\u00bbdefault\u00bb column_element_spacing=\u00bbdefault\u00bb desktop_text_alignment=\u00bbleft\u00bb tablet_text_alignment=\u00bbdefault\u00bb phone_text_alignment=\u00bbdefault\u00bb background_color_opacity=\u00bb1&#8243; background_hover_color_opacity=\u00bb1&#8243; column_backdrop_filter=\u00bbnone\u00bb font_color=\u00bb#ffffff\u00bb column_shadow=\u00bbnone\u00bb column_border_radius=\u00bbnone\u00bb column_link_target=\u00bb_self\u00bb column_position=\u00bbdefault\u00bb gradient_direction=\u00bbleft_to_right\u00bb overlay_strength=\u00bb0.3&#8243; width=\u00bb1\/2&#8243; tablet_width_inherit=\u00bbdefault\u00bb animation_type=\u00bbdefault\u00bb bg_image_animation=\u00bbnone\u00bb border_type=\u00bbsimple\u00bb column_border_width=\u00bbnone\u00bb column_border_style=\u00bbsolid\u00bb column_padding_type=\u00bbdefault\u00bb gradient_type=\u00bbdefault\u00bb offset=\u00bbvc_col-md-offset-3&#8243;]\n<div class=\"wpcf7 no-js\" id=\"wpcf7-f865-o1\" lang=\"es-ES\" dir=\"ltr\">\n<div class=\"screen-reader-response\"><p role=\"status\" aria-live=\"polite\" aria-atomic=\"true\"><\/p> <ul><\/ul><\/div>\n<form action=\"\/es\/wp-json\/wp\/v2\/pages\/783#wpcf7-f865-o1\" method=\"post\" class=\"wpcf7-form init\" aria-label=\"Formulario de contacto\" novalidate=\"novalidate\" data-status=\"init\">\n<div style=\"display: none;\">\n<input type=\"hidden\" name=\"_wpcf7\" value=\"865\" \/>\n<input type=\"hidden\" name=\"_wpcf7_version\" value=\"5.9\" \/>\n<input type=\"hidden\" name=\"_wpcf7_locale\" value=\"es_ES\" \/>\n<input type=\"hidden\" name=\"_wpcf7_unit_tag\" value=\"wpcf7-f865-o1\" \/>\n<input type=\"hidden\" name=\"_wpcf7_container_post\" value=\"0\" \/>\n<input type=\"hidden\" name=\"_wpcf7_posted_data_hash\" value=\"\" \/>\n<input type=\"hidden\" name=\"_wpcf7_recaptcha_response\" value=\"\" \/>\n<\/div>\n<p><label> <span class=\"wpcf7-form-control-wrap\" data-name=\"your-name\"><input size=\"40\" class=\"wpcf7-form-control wpcf7-text wpcf7-validates-as-required\" aria-required=\"true\" aria-invalid=\"false\" placeholder=\"Nombre\" value=\"\" type=\"text\" name=\"your-name\" \/><\/span> <\/label>\n<\/p>\n<p><label> <span class=\"wpcf7-form-control-wrap\" data-name=\"surname\"><input size=\"40\" class=\"wpcf7-form-control wpcf7-text wpcf7-validates-as-required\" aria-required=\"true\" aria-invalid=\"false\" placeholder=\"Apellidos\" value=\"\" type=\"text\" name=\"surname\" \/><\/span> <\/label>\n<\/p>\n<p><label> <span class=\"wpcf7-form-control-wrap\" data-name=\"company\"><input size=\"40\" class=\"wpcf7-form-control wpcf7-text wpcf7-validates-as-required\" aria-required=\"true\" aria-invalid=\"false\" placeholder=\"Empresa o particular\" value=\"\" type=\"text\" name=\"company\" \/><\/span> <\/label>\n<\/p>\n<p><label> <span class=\"wpcf7-form-control-wrap\" data-name=\"tel-phone\"><input size=\"40\" class=\"wpcf7-form-control wpcf7-tel wpcf7-validates-as-required wpcf7-text wpcf7-validates-as-tel\" aria-required=\"true\" aria-invalid=\"false\" placeholder=\"Tel\u00e9fono\" value=\"\" type=\"tel\" name=\"tel-phone\" \/><\/span> <\/label>\n<\/p>\n<p><label> <span class=\"wpcf7-form-control-wrap\" data-name=\"your-email\"><input size=\"40\" class=\"wpcf7-form-control wpcf7-email wpcf7-validates-as-required wpcf7-text wpcf7-validates-as-email\" aria-required=\"true\" aria-invalid=\"false\" placeholder=\"Email\" value=\"\" type=\"email\" name=\"your-email\" \/><\/span> <\/label>\n<\/p>\n<p><label> <span class=\"wpcf7-form-control-wrap\" data-name=\"number-people\"><input size=\"40\" class=\"wpcf7-form-control wpcf7-text wpcf7-validates-as-required\" aria-required=\"true\" aria-invalid=\"false\" placeholder=\"N\u00famero de personas\" value=\"\" type=\"text\" name=\"number-people\" \/><\/span> <\/label>\n<\/p>\n<p><label> <span class=\"wpcf7-form-control-wrap\" data-name=\"entry-date\"><input size=\"40\" class=\"wpcf7-form-control wpcf7-text wpcf7-validates-as-required\" aria-required=\"true\" aria-invalid=\"false\" placeholder=\"Fecha de llegada\" value=\"\" type=\"text\" name=\"entry-date\" \/><\/span> <\/label>\n<\/p>\n<p><label> <span class=\"wpcf7-form-control-wrap\" data-name=\"departure-date\"><input size=\"40\" class=\"wpcf7-form-control wpcf7-text wpcf7-validates-as-required\" aria-required=\"true\" aria-invalid=\"false\" placeholder=\"Fecha de salida\" value=\"\" type=\"text\" name=\"departure-date\" \/><\/span> <\/label>\n<\/p>\n<p><label> <span class=\"wpcf7-form-control-wrap\" data-name=\"comments\"><textarea cols=\"40\" rows=\"10\" class=\"wpcf7-form-control wpcf7-textarea\" aria-invalid=\"false\" placeholder=\"Comentarios\" name=\"comments\"><\/textarea><\/span> <\/label>\n<\/p>\n<p><span class=\"wpcf7-form-control-wrap\" data-name=\"lopd\"><span class=\"wpcf7-form-control wpcf7-acceptance\"><span class=\"wpcf7-list-item\"><label><input type=\"checkbox\" name=\"lopd\" value=\"1\" aria-invalid=\"false\" \/><span class=\"wpcf7-list-item-label\">Acepto el tratamiento de mis datos seg\u00fan las finalidades indicadas en la informaci\u00f3n b\u00e1sica de protecci\u00f3n de datos.<\/span><\/label><\/span><\/span><\/span>\n<\/p>\n<p class=\"small\">*Informaci\u00f3n b\u00e1sica sobre protecci\u00f3n de datos conforme al Reglamento (UE) 2016\/679, de 27 de abril de 2016 (RGPD) y a la Ley Org\u00e1nica 3\/2018, de 5 de diciembre (LOPDGDD).\n<\/p>\n<p class=\"small\">Responsable: The Nomad Hostel. Finalidad: Contactar con el interesado y responder a su consulta. Enviar comunicaciones comerciales sobre nuestros servicios mediante carta, tel\u00e9fono, correo electr\u00f3nico, SMS\/MMS, WhatsApp, Telegram o por otros medios de comunicaci\u00f3n electr\u00f3nica equivalentes, siempre y cuando el interesado haya consentido el tratamiento de sus datos personales para esta finalidad. Establecer una relaci\u00f3n negocial con el interesado mediante la realizaci\u00f3n de la reserva del establecimiento. Legitimaci\u00f3n: Consentimiento del interesado. Destinatarios: No se ceder\u00e1n datos a terceros, salvo obligaci\u00f3n legal. Derechos: Tienes derecho a acceder, rectificar y suprimir tus datos, as\u00ed como otros derechos, indicados en la informaci\u00f3n adicional, que puedes ejercer dirigi\u00e9ndote a la direcci\u00f3n del responsable del tratamiento en <a href=\"mailto:hello@thenomadhostel.com\" title=\"Cont\u00e1ctanos\">hello@thenomadhostel.com<\/a>.\n<\/p>\n<p class=\"small\"> Informaci\u00f3n adicional: Puede consultar la informaci\u00f3n adicional y detallada sobre Protecci\u00f3n de Datos en las cl\u00e1usulas anexas que se encuentran en nuestra <a href=\"\/es\/privacy-policy\" title=\"Pol\u00edtica de Privacidad\" target=\"_blank\">Pol\u00edtica de Privacidad<\/a>.\n<\/p>\n<p><input class=\"wpcf7-form-control wpcf7-submit has-spinner\" type=\"submit\" value=\"Enviar Mensaje\" \/>\n<\/p><div class=\"wpcf7-response-output\" aria-hidden=\"true\"><\/div>\n<\/form>\n<\/div>\n[\/vc_column][\/vc_row]\n","protected":false},"excerpt":{"rendered":"<p>[vc_row type=\u00bbfull_width_content\u00bb full_screen_row_position=\u00bbmiddle\u00bb column_margin=\u00bbdefault\u00bb column_direction=\u00bbdefault\u00bb column_direction_tablet=\u00bbdefault\u00bb column_direction_phone=\u00bbdefault\u00bb scene_position=\u00bbcenter\u00bb top_padding=\u00bb120&#8243; constrain_group_1=\u00bbyes\u00bb bottom_padding=\u00bb120&#8243; top_padding_tablet=\u00bb90&#8243; constrain_group_3=\u00bbyes\u00bb bottom_padding_tablet=\u00bb90&#8243; top_padding_phone=\u00bb70&#8243; constrain_group_5=\u00bbyes\u00bb bottom_padding_phone=\u00bb70&#8243; text_color=\u00bbdark\u00bb text_align=\u00bbcenter\u00bb row_border_radius=\u00bbnone\u00bb row_border_radius_applies=\u00bbbg\u00bb overflow=\u00bbvisible\u00bb overlay_strength=\u00bb0.3&#8243; gradient_direction=\u00bbleft_to_right\u00bb enable_shape_divider=\u00bbtrue\u00bb shape_divider_color=\u00bb#1aa7b6&#8243; shape_divider_position=\u00bbbottom\u00bb shape_divider_height=\u00bb90&#8243; bg_image_animation=\u00bbnone\u00bb gradient_type=\u00bbdefault\u00bb&#8230;<\/p>\n","protected":false},"author":2,"featured_media":0,"parent":0,"menu_order":0,"comment_status":"closed","ping_status":"closed","template":"","meta":{"_acf_changed":false,"footnotes":"","_links_to":"","_links_to_target":""},"class_list":["post-783","page","type-page","status-publish"],"acf":[],"yoast_head":"<!-- This site is optimized with the Yoast SEO plugin v22.0 - https:\/\/yoast.com\/wordpress\/plugins\/seo\/ -->\n<title>Reserva de Grupo | The Nomad Hostel<\/title>\n<meta name=\"description\" content=\"Si desea reservar para un grupo de m\u00e1s de 10 personas, rellene el siguiente formulario y podr\u00e1 obtener descuentos especiales...\" \/>\n<meta name=\"robots\" content=\"index, follow, max-snippet:-1, max-image-preview:large, max-video-preview:-1\" \/>\n<link rel=\"canonical\" href=\"https:\/\/thenomadhostel.com\/es\/reserva-de-grupo\" \/>\n<meta property=\"og:locale\" content=\"es_ES\" \/>\n<meta property=\"og:type\" content=\"article\" \/>\n<meta property=\"og:title\" content=\"Reserva de Grupo | The Nomad Hostel\" \/>\n<meta property=\"og:description\" content=\"Si desea reservar para un grupo de m\u00e1s de 10 personas, rellene el siguiente formulario y podr\u00e1 obtener descuentos especiales...\" \/>\n<meta property=\"og:url\" content=\"https:\/\/thenomadhostel.com\/es\/reserva-de-grupo\" \/>\n<meta property=\"og:site_name\" content=\"The Nomad Hostel\" \/>\n<meta property=\"article:modified_time\" content=\"2024-07-03T05:17:47+00:00\" \/>\n<meta name=\"twitter:card\" content=\"summary_large_image\" \/>\n<meta name=\"twitter:label1\" content=\"Tiempo de lectura\" \/>\n\t<meta name=\"twitter:data1\" content=\"1 minuto\" \/>\n<script type=\"application\/ld+json\" class=\"yoast-schema-graph\">{\"@context\":\"https:\/\/schema.org\",\"@graph\":[{\"@type\":\"WebPage\",\"@id\":\"https:\/\/thenomadhostel.com\/es\/reserva-de-grupo\",\"url\":\"https:\/\/thenomadhostel.com\/es\/reserva-de-grupo\",\"name\":\"Reserva de Grupo | The Nomad Hostel\",\"isPartOf\":{\"@id\":\"https:\/\/thenomadhostel.com\/es#website\"},\"datePublished\":\"2023-05-07T13:24:11+00:00\",\"dateModified\":\"2024-07-03T05:17:47+00:00\",\"description\":\"Si desea reservar para un grupo de m\u00e1s de 10 personas, rellene el siguiente formulario y podr\u00e1 obtener descuentos especiales...\",\"breadcrumb\":{\"@id\":\"https:\/\/thenomadhostel.com\/es\/reserva-de-grupo#breadcrumb\"},\"inLanguage\":\"es\",\"potentialAction\":[{\"@type\":\"ReadAction\",\"target\":[\"https:\/\/thenomadhostel.com\/es\/reserva-de-grupo\"]}]},{\"@type\":\"BreadcrumbList\",\"@id\":\"https:\/\/thenomadhostel.com\/es\/reserva-de-grupo#breadcrumb\",\"itemListElement\":[{\"@type\":\"ListItem\",\"position\":1,\"name\":\"Portada\",\"item\":\"https:\/\/thenomadhostel.com\/es\"},{\"@type\":\"ListItem\",\"position\":2,\"name\":\"Reserva de Grupo\"}]},{\"@type\":\"WebSite\",\"@id\":\"https:\/\/thenomadhostel.com\/es#website\",\"url\":\"https:\/\/thenomadhostel.com\/es\",\"name\":\"The Nomad Hostel\",\"description\":\"Alojamientos en el coraz\u00f3n de Sevilla\",\"potentialAction\":[{\"@type\":\"SearchAction\",\"target\":{\"@type\":\"EntryPoint\",\"urlTemplate\":\"https:\/\/thenomadhostel.com\/es?s={search_term_string}\"},\"query-input\":\"required name=search_term_string\"}],\"inLanguage\":\"es\"}]}<\/script>\n<!-- \/ Yoast SEO plugin. -->","yoast_head_json":{"title":"Reserva de Grupo | The Nomad Hostel","description":"Si desea reservar para un grupo de m\u00e1s de 10 personas, rellene el siguiente formulario y podr\u00e1 obtener descuentos especiales...","robots":{"index":"index","follow":"follow","max-snippet":"max-snippet:-1","max-image-preview":"max-image-preview:large","max-video-preview":"max-video-preview:-1"},"canonical":"https:\/\/thenomadhostel.com\/es\/reserva-de-grupo","og_locale":"es_ES","og_type":"article","og_title":"Reserva de Grupo | The Nomad Hostel","og_description":"Si desea reservar para un grupo de m\u00e1s de 10 personas, rellene el siguiente formulario y podr\u00e1 obtener descuentos especiales...","og_url":"https:\/\/thenomadhostel.com\/es\/reserva-de-grupo","og_site_name":"The Nomad Hostel","article_modified_time":"2024-07-03T05:17:47+00:00","twitter_card":"summary_large_image","twitter_misc":{"Tiempo de lectura":"1 minuto"},"schema":{"@context":"https:\/\/schema.org","@graph":[{"@type":"WebPage","@id":"https:\/\/thenomadhostel.com\/es\/reserva-de-grupo","url":"https:\/\/thenomadhostel.com\/es\/reserva-de-grupo","name":"Reserva de Grupo | The Nomad Hostel","isPartOf":{"@id":"https:\/\/thenomadhostel.com\/es#website"},"datePublished":"2023-05-07T13:24:11+00:00","dateModified":"2024-07-03T05:17:47+00:00","description":"Si desea reservar para un grupo de m\u00e1s de 10 personas, rellene el siguiente formulario y podr\u00e1 obtener descuentos especiales...","breadcrumb":{"@id":"https:\/\/thenomadhostel.com\/es\/reserva-de-grupo#breadcrumb"},"inLanguage":"es","potentialAction":[{"@type":"ReadAction","target":["https:\/\/thenomadhostel.com\/es\/reserva-de-grupo"]}]},{"@type":"BreadcrumbList","@id":"https:\/\/thenomadhostel.com\/es\/reserva-de-grupo#breadcrumb","itemListElement":[{"@type":"ListItem","position":1,"name":"Portada","item":"https:\/\/thenomadhostel.com\/es"},{"@type":"ListItem","position":2,"name":"Reserva de Grupo"}]},{"@type":"WebSite","@id":"https:\/\/thenomadhostel.com\/es#website","url":"https:\/\/thenomadhostel.com\/es","name":"The Nomad Hostel","description":"Alojamientos en el coraz\u00f3n de Sevilla","potentialAction":[{"@type":"SearchAction","target":{"@type":"EntryPoint","urlTemplate":"https:\/\/thenomadhostel.com\/es?s={search_term_string}"},"query-input":"required name=search_term_string"}],"inLanguage":"es"}]}},"_links":{"self":[{"href":"https:\/\/thenomadhostel.com\/es\/wp-json\/wp\/v2\/pages\/783","targetHints":{"allow":["GET"]}}],"collection":[{"href":"https:\/\/thenomadhostel.com\/es\/wp-json\/wp\/v2\/pages"}],"about":[{"href":"https:\/\/thenomadhostel.com\/es\/wp-json\/wp\/v2\/types\/page"}],"author":[{"embeddable":true,"href":"https:\/\/thenomadhostel.com\/es\/wp-json\/wp\/v2\/users\/2"}],"replies":[{"embeddable":true,"href":"https:\/\/thenomadhostel.com\/es\/wp-json\/wp\/v2\/comments?post=783"}],"version-history":[{"count":1,"href":"https:\/\/thenomadhostel.com\/es\/wp-json\/wp\/v2\/pages\/783\/revisions"}],"predecessor-version":[{"id":56258,"href":"https:\/\/thenomadhostel.com\/es\/wp-json\/wp\/v2\/pages\/783\/revisions\/56258"}],"wp:attachment":[{"href":"https:\/\/thenomadhostel.com\/es\/wp-json\/wp\/v2\/media?parent=783"}],"curies":[{"name":"wp","href":"https:\/\/api.w.org\/{rel}","templated":true}]}}